{"id":100,"date":"2025-01-01T20:24:58","date_gmt":"2025-01-01T18:24:58","guid":{"rendered":"https:\/\/komplaix.pwdev.de\/index.php\/home\/"},"modified":"2025-03-07T14:43:43","modified_gmt":"2025-03-07T12:43:43","slug":"startseite","status":"publish","type":"page","link":"https:\/\/komplaix.com\/","title":{"rendered":"Startseite"},"content":{"rendered":"\t\t<div data-elementor-type=\"wp-page\" data-elementor-id=\"100\" class=\"elementor elementor-100\" data-elementor-post-type=\"page\">\n\t\t\t\t<div class=\"elementor-element elementor-element-1697ded0 e-flex e-con-boxed e-con e-parent\" data-id=\"1697ded0\" data-element_type=\"container\" data-settings=\"{&quot;background_background&quot;:&quot;gradient&quot;,&quot;jet_parallax_layout_list&quot;:[]}\">\n\t\t\t\t\t<div class=\"e-con-inner\">\n\t\t<div class=\"elementor-element elementor-element-5acba789 e-con-full e-flex e-con e-child\" data-id=\"5acba789\" data-element_type=\"container\" data-settings=\"{&quot;jet_parallax_layout_list&quot;:[]}\">\n\t\t<div class=\"elementor-element elementor-element-5b1700be e-con-full e-flex e-con e-child\" data-id=\"5b1700be\" data-element_type=\"container\" data-settings=\"{&quot;jet_parallax_layout_list&quot;:[]}\">\n\t\t\t\t<div class=\"elementor-element elementor-element-40c45974 elementor-widget elementor-widget-heading\" data-id=\"40c45974\" data-element_type=\"widget\" data-widget_type=\"heading.default\">\n\t\t\t\t<div class=\"elementor-widget-container\">\n\t\t\t\t\t<h1 class=\"elementor-heading-title elementor-size-default\">Kompl<strong>AIX<\/strong> ist \ndeine <br>Social Branding Agentur!<\/h1>\t\t\t\t<\/div>\n\t\t\t\t<\/div>\n\t\t\t\t<div class=\"elementor-element elementor-element-1747235 elementor-widget__width-initial elementor-widget elementor-widget-text-editor\" data-id=\"1747235\" data-element_type=\"widget\" data-widget_type=\"text-editor.default\">\n\t\t\t\t<div class=\"elementor-widget-container\">\n\t\t\t\t\t\t\t\t\t<p><strong>Social Media &amp; Branding in Aachen: Mach dein Unternehmen un\u00fcbersehbar<\/strong><\/p><p>M\u00f6chtest du dein Unternehmen in <strong>Aachen und der St\u00e4dteregion<\/strong> auf Social Media sichtbar machen und nachhaltig st\u00e4rken? Wir helfen dir, nicht nur <strong>Reichweite<\/strong> zu gewinnen, sondern eine <strong>starke Marke<\/strong> aufzubauen, die in den K\u00f6pfen bleibt.<\/p><p>Mit unserer Expertise im <strong>Social Branding und Social Media Marketing f\u00fcr Unternehmen in Aachen<\/strong> setzen wir auf <strong>Qualit\u00e4t statt Masse<\/strong> \u2013 f\u00fcr langfristigen Erfolg und echten Wiedererkennungswert.<\/p><h4><span style=\"color: #ffffff;\"><strong>Unsere Leistungen f\u00fcr dich:<\/strong><\/span><\/h4><p><strong>Mehr Sichtbarkeit &amp; Reichweite:<\/strong> Wir machen deine Marke in Aachen und dar\u00fcber hinaus bekannt.<br \/>\u00a0<strong>Professionelles Social Branding:<\/strong> Wir entwickeln eine Strategie, die Emotionen weckt und deine St\u00e4rken hervorhebt.<br \/><strong>Perfekte Social-Media-Pr\u00e4senz:<\/strong> Von Content-Erstellung bis Design \u2013 dein Auftritt wird \u00fcberzeugend und wirkungsvoll.<\/p><h4><span style=\"color: #ffffff;\"><strong>Warum wir?<\/strong><\/span><\/h4><p>Mit <strong>jahrelanger Erfahrung im Social Media Marketing in Aachen<\/strong> und einem Gesp\u00fcr f\u00fcr aktuelle Trends sind wir dein Partner f\u00fcr eine starke Online-Pr\u00e4senz. Gemeinsam bringen wir dein Unternehmen auf das n\u00e4chste Level \u2013 <strong>effizient, nachhaltig, einzigartig<\/strong>.<\/p>\t\t\t\t\t\t\t\t<\/div>\n\t\t\t\t<\/div>\n\t\t\t\t<div class=\"elementor-element elementor-element-5a47fb20 elementor-invisible elementor-widget elementor-widget-button\" data-id=\"5a47fb20\" data-element_type=\"widget\" data-settings=\"{&quot;_animation&quot;:&quot;fadeInDown&quot;}\" data-widget_type=\"button.default\">\n\t\t\t\t<div class=\"elementor-widget-container\">\n\t\t\t\t\t\t\t\t\t<div class=\"elementor-button-wrapper\">\n\t\t\t\t\t<a class=\"elementor-button elementor-button-link elementor-size-sm elementor-animation-sink\" href=\"https:\/\/komplaix.com\/index.php\/angebotspakete\/\">\n\t\t\t\t\t\t<span class=\"elementor-button-content-wrapper\">\n\t\t\t\t\t\t\t\t\t<span class=\"elementor-button-text\">Angebotspakete<\/span>\n\t\t\t\t\t<\/span>\n\t\t\t\t\t<\/a>\n\t\t\t\t<\/div>\n\t\t\t\t\t\t\t\t<\/div>\n\t\t\t\t<\/div>\n\t\t\t\t<\/div>\n\t\t\t\t<\/div>\n\t\t<div class=\"elementor-element elementor-element-4fa65dce e-con-full e-flex e-con e-child\" data-id=\"4fa65dce\" data-element_type=\"container\" data-settings=\"{&quot;background_background&quot;:&quot;classic&quot;,&quot;jet_parallax_layout_list&quot;:[]}\">\n\t\t\t\t<\/div>\n\t\t\t\t\t<\/div>\n\t\t\t\t<\/div>\n\t\t<div class=\"elementor-element elementor-element-6b21c9b7 e-flex e-con-boxed e-con e-parent\" data-id=\"6b21c9b7\" data-element_type=\"container\" data-settings=\"{&quot;jet_parallax_layout_list&quot;:[]}\">\n\t\t\t\t\t<div class=\"e-con-inner\">\n\t\t<div class=\"elementor-element elementor-element-176f11e5 e-con-full e-flex e-con e-child\" data-id=\"176f11e5\" data-element_type=\"container\" data-settings=\"{&quot;jet_parallax_layout_list&quot;:[]}\">\n\t\t\t\t<div class=\"elementor-element elementor-element-67101fea elementor-widget__width-initial elementor-widget-tablet__width-initial elementor-widget elementor-widget-heading\" data-id=\"67101fea\" data-element_type=\"widget\" data-widget_type=\"heading.default\">\n\t\t\t\t<div class=\"elementor-widget-container\">\n\t\t\t\t\t<h2 class=\"elementor-heading-title elementor-size-default\">Menschen. Marken. Einzigartigkeit.\u00a0<\/h2>\t\t\t\t<\/div>\n\t\t\t\t<\/div>\n\t\t\t\t<div class=\"elementor-element elementor-element-50369761 elementor-widget__width-initial elementor-widget-tablet__width-initial elementor-widget-mobile__width-initial elementor-widget elementor-widget-text-editor\" data-id=\"50369761\" data-element_type=\"widget\" data-widget_type=\"text-editor.default\">\n\t\t\t\t<div class=\"elementor-widget-container\">\n\t\t\t\t\t\t\t\t\t<p><span style=\"font-weight: 400;\">Wir unterst\u00fctzen Marken dabei, ihre Pers\u00f6nlichkeit zu entdecken und eine authentische Verbindung zu ihrer Community aufzubauen. <\/span><\/p><p><span style=\"font-weight: 400;\">Mehr als nur Reichweite \u2013 echte Beziehungen schaffen!<\/span><\/p>\t\t\t\t\t\t\t\t<\/div>\n\t\t\t\t<\/div>\n\t\t\t\t<\/div>\n\t\t\t\t\t<\/div>\n\t\t\t\t<\/div>\n\t\t<div class=\"elementor-element elementor-element-836c6db e-con-full e-flex e-con e-parent\" data-id=\"836c6db\" data-element_type=\"container\" data-settings=\"{&quot;jet_parallax_layout_list&quot;:[]}\">\n\t\t<div class=\"elementor-element elementor-element-3901a04 e-con-full e-flex e-con e-child\" data-id=\"3901a04\" data-element_type=\"container\" data-settings=\"{&quot;background_background&quot;:&quot;classic&quot;,&quot;jet_parallax_layout_list&quot;:[]}\">\n\t\t\t\t<\/div>\n\t\t<div class=\"elementor-element elementor-element-d13a65e e-con-full e-flex e-con e-child\" data-id=\"d13a65e\" data-element_type=\"container\" data-settings=\"{&quot;background_background&quot;:&quot;classic&quot;,&quot;jet_parallax_layout_list&quot;:[]}\">\n\t\t<div class=\"elementor-element elementor-element-717ed8f e-con-full e-flex e-con e-child\" data-id=\"717ed8f\" data-element_type=\"container\" data-settings=\"{&quot;jet_parallax_layout_list&quot;:[]}\">\n\t\t<div class=\"elementor-element elementor-element-99dd495 e-con-full e-flex e-con e-child\" data-id=\"99dd495\" data-element_type=\"container\" data-settings=\"{&quot;jet_parallax_layout_list&quot;:[]}\">\n\t\t\t\t<div class=\"elementor-element elementor-element-e1584b5 elementor-widget elementor-widget-heading\" data-id=\"e1584b5\" data-element_type=\"widget\" data-widget_type=\"heading.default\">\n\t\t\t\t<div class=\"elementor-widget-container\">\n\t\t\t\t\t<h2 class=\"elementor-heading-title elementor-size-default\">Social Branding mit Herz: Menschen kaufen bei Menschen, nicht bei Marken.<\/h2>\t\t\t\t<\/div>\n\t\t\t\t<\/div>\n\t\t\t\t<div class=\"elementor-element elementor-element-304e984 elementor-widget elementor-widget-text-editor\" data-id=\"304e984\" data-element_type=\"widget\" data-widget_type=\"text-editor.default\">\n\t\t\t\t<div class=\"elementor-widget-container\">\n\t\t\t\t\t\t\t\t\t<p>Mit authentischem Social Branding sorgen wir daf\u00fcr, dass Menschen sich mit deiner Marke identifizieren und sich von der Pers\u00f6nlichkeit dahinter angesprochen f\u00fchlen. So wird deine Marke nicht nur wahrgenommen, sondern auch geliebt \u2013 genau wie der &#8220;Tante Emma&#8221;-Effekt, bei dem es die Menschen sind, die den Unterschied machen.<\/p>\t\t\t\t\t\t\t\t<\/div>\n\t\t\t\t<\/div>\n\t\t\t\t<div class=\"elementor-element elementor-element-0d96569 elementor-widget elementor-widget-heading\" data-id=\"0d96569\" data-element_type=\"widget\" data-widget_type=\"heading.default\">\n\t\t\t\t<div class=\"elementor-widget-container\">\n\t\t\t\t\t<h2 class=\"elementor-heading-title elementor-size-default\">Authentizit\u00e4t zeigen<br>\nVertrauen schaffen<br>\nN\u00e4he vermitteln<br>\nPers\u00f6nlichkeit sichtbar machen<br> <\/h2>\t\t\t\t<\/div>\n\t\t\t\t<\/div>\n\t\t\t\t<\/div>\n\t\t\t\t<\/div>\n\t\t\t\t<\/div>\n\t\t\t\t<\/div>\n\t\t\t\t<\/div>\n\t\t","protected":false},"excerpt":{"rendered":"<p>KomplAIX ist deine Social Branding Agentur! Social Media &amp; Branding in Aachen: Mach dein Unternehmen un\u00fcbersehbar M\u00f6chtest du dein Unternehmen in Aachen und der St\u00e4dteregion auf Social Media sichtbar machen und nachhaltig st\u00e4rken? Wir helfen dir, nicht nur Reichweite zu gewinnen, sondern eine starke Marke aufzubauen, die in den K\u00f6pfen bleibt. Mit unserer Expertise im [&hellip;]<\/p>\n","protected":false},"author":2,"featured_media":0,"parent":0,"menu_order":0,"comment_status":"closed","ping_status":"closed","template":"elementor_header_footer","meta":{"footnotes":""},"class_list":["post-100","page","type-page","status-publish","hentry"],"yoast_head":"<!-- This site is optimized with the Yoast SEO plugin v24.6 - https:\/\/yoast.com\/wordpress\/plugins\/seo\/ -->\n<title>KomplAIX ist Deine Social Branding Agentur!<\/title>\n<meta name=\"robots\" content=\"index, follow, max-snippet:-1, max-image-preview:large, max-video-preview:-1\" \/>\n<link rel=\"canonical\" href=\"https:\/\/komplaix.com\/\" \/>\n<meta property=\"og:locale\" content=\"en_US\" \/>\n<meta property=\"og:type\" content=\"article\" \/>\n<meta property=\"og:title\" content=\"KomplAIX ist Deine Social Branding Agentur!\" \/>\n<meta property=\"og:description\" content=\"KomplAIX ist deine Social Branding Agentur! Social Media &amp; Branding in Aachen: Mach dein Unternehmen un\u00fcbersehbar M\u00f6chtest du dein Unternehmen in Aachen und der St\u00e4dteregion auf Social Media sichtbar machen und nachhaltig st\u00e4rken? Wir helfen dir, nicht nur Reichweite zu gewinnen, sondern eine starke Marke aufzubauen, die in den K\u00f6pfen bleibt. Mit unserer Expertise im [&hellip;]\" \/>\n<meta property=\"og:url\" content=\"https:\/\/komplaix.com\/\" \/>\n<meta property=\"og:site_name\" content=\"KomplAIX\" \/>\n<meta property=\"article:modified_time\" content=\"2025-03-07T12:43:43+00:00\" \/>\n<meta name=\"twitter:card\" content=\"summary_large_image\" \/>\n<meta name=\"twitter:label1\" content=\"Est. reading time\" \/>\n\t<meta name=\"twitter:data1\" content=\"2 minutes\" \/>\n<script type=\"application\/ld+json\" class=\"yoast-schema-graph\">{\"@context\":\"https:\/\/schema.org\",\"@graph\":[{\"@type\":\"WebPage\",\"@id\":\"https:\/\/komplaix.com\/\",\"url\":\"https:\/\/komplaix.com\/\",\"name\":\"KomplAIX ist Deine Social Branding Agentur!\",\"isPartOf\":{\"@id\":\"https:\/\/komplaix.com\/#website\"},\"datePublished\":\"2025-01-01T18:24:58+00:00\",\"dateModified\":\"2025-03-07T12:43:43+00:00\",\"breadcrumb\":{\"@id\":\"https:\/\/komplaix.com\/#breadcrumb\"},\"inLanguage\":\"en-US\",\"potentialAction\":[{\"@type\":\"ReadAction\",\"target\":[\"https:\/\/komplaix.com\/\"]}]},{\"@type\":\"BreadcrumbList\",\"@id\":\"https:\/\/komplaix.com\/#breadcrumb\",\"itemListElement\":[{\"@type\":\"ListItem\",\"position\":1,\"name\":\"Home\",\"item\":\"https:\/\/komplaix.com\/\"},{\"@type\":\"ListItem\",\"position\":2,\"name\":\"Startseite\"}]},{\"@type\":\"WebSite\",\"@id\":\"https:\/\/komplaix.com\/#website\",\"url\":\"https:\/\/komplaix.com\/\",\"name\":\"KomplAIX\",\"description\":\"KomplAIX ist Deine Social Media Agentur!\",\"publisher\":{\"@id\":\"https:\/\/komplaix.com\/#organization\"},\"potentialAction\":[{\"@type\":\"SearchAction\",\"target\":{\"@type\":\"EntryPoint\",\"urlTemplate\":\"https:\/\/komplaix.com\/?s={search_term_string}\"},\"query-input\":{\"@type\":\"PropertyValueSpecification\",\"valueRequired\":true,\"valueName\":\"search_term_string\"}}],\"inLanguage\":\"en-US\"},{\"@type\":\"Organization\",\"@id\":\"https:\/\/komplaix.com\/#organization\",\"name\":\"KomplAIX\",\"url\":\"https:\/\/komplaix.com\/\",\"logo\":{\"@type\":\"ImageObject\",\"inLanguage\":\"en-US\",\"@id\":\"https:\/\/komplaix.com\/#\/schema\/logo\/image\/\",\"url\":\"https:\/\/komplaix.com\/wp-content\/uploads\/2025\/01\/Komplaix-Logo-komplett.svg\",\"contentUrl\":\"https:\/\/komplaix.com\/wp-content\/uploads\/2025\/01\/Komplaix-Logo-komplett.svg\",\"width\":100,\"height\":100,\"caption\":\"KomplAIX\"},\"image\":{\"@id\":\"https:\/\/komplaix.com\/#\/schema\/logo\/image\/\"}}]}<\/script>\n<!-- \/ Yoast SEO plugin. -->","yoast_head_json":{"title":"KomplAIX ist Deine Social Branding Agentur!","robots":{"index":"index","follow":"follow","max-snippet":"max-snippet:-1","max-image-preview":"max-image-preview:large","max-video-preview":"max-video-preview:-1"},"canonical":"https:\/\/komplaix.com\/","og_locale":"en_US","og_type":"article","og_title":"KomplAIX ist Deine Social Branding Agentur!","og_description":"KomplAIX ist deine Social Branding Agentur! Social Media &amp; Branding in Aachen: Mach dein Unternehmen un\u00fcbersehbar M\u00f6chtest du dein Unternehmen in Aachen und der St\u00e4dteregion auf Social Media sichtbar machen und nachhaltig st\u00e4rken? Wir helfen dir, nicht nur Reichweite zu gewinnen, sondern eine starke Marke aufzubauen, die in den K\u00f6pfen bleibt. Mit unserer Expertise im [&hellip;]","og_url":"https:\/\/komplaix.com\/","og_site_name":"KomplAIX","article_modified_time":"2025-03-07T12:43:43+00:00","twitter_card":"summary_large_image","twitter_misc":{"Est. reading time":"2 minutes"},"schema":{"@context":"https:\/\/schema.org","@graph":[{"@type":"WebPage","@id":"https:\/\/komplaix.com\/","url":"https:\/\/komplaix.com\/","name":"KomplAIX ist Deine Social Branding Agentur!","isPartOf":{"@id":"https:\/\/komplaix.com\/#website"},"datePublished":"2025-01-01T18:24:58+00:00","dateModified":"2025-03-07T12:43:43+00:00","breadcrumb":{"@id":"https:\/\/komplaix.com\/#breadcrumb"},"inLanguage":"en-US","potentialAction":[{"@type":"ReadAction","target":["https:\/\/komplaix.com\/"]}]},{"@type":"BreadcrumbList","@id":"https:\/\/komplaix.com\/#breadcrumb","itemListElement":[{"@type":"ListItem","position":1,"name":"Home","item":"https:\/\/komplaix.com\/"},{"@type":"ListItem","position":2,"name":"Startseite"}]},{"@type":"WebSite","@id":"https:\/\/komplaix.com\/#website","url":"https:\/\/komplaix.com\/","name":"KomplAIX","description":"KomplAIX ist Deine Social Media Agentur!","publisher":{"@id":"https:\/\/komplaix.com\/#organization"},"potentialAction":[{"@type":"SearchAction","target":{"@type":"EntryPoint","urlTemplate":"https:\/\/komplaix.com\/?s={search_term_string}"},"query-input":{"@type":"PropertyValueSpecification","valueRequired":true,"valueName":"search_term_string"}}],"inLanguage":"en-US"},{"@type":"Organization","@id":"https:\/\/komplaix.com\/#organization","name":"KomplAIX","url":"https:\/\/komplaix.com\/","logo":{"@type":"ImageObject","inLanguage":"en-US","@id":"https:\/\/komplaix.com\/#\/schema\/logo\/image\/","url":"https:\/\/komplaix.com\/wp-content\/uploads\/2025\/01\/Komplaix-Logo-komplett.svg","contentUrl":"https:\/\/komplaix.com\/wp-content\/uploads\/2025\/01\/Komplaix-Logo-komplett.svg","width":100,"height":100,"caption":"KomplAIX"},"image":{"@id":"https:\/\/komplaix.com\/#\/schema\/logo\/image\/"}}]}},"_links":{"self":[{"href":"https:\/\/komplaix.com\/index.php\/wp-json\/wp\/v2\/pages\/100","targetHints":{"allow":["GET"]}}],"collection":[{"href":"https:\/\/komplaix.com\/index.php\/wp-json\/wp\/v2\/pages"}],"about":[{"href":"https:\/\/komplaix.com\/index.php\/wp-json\/wp\/v2\/types\/page"}],"author":[{"embeddable":true,"href":"https:\/\/komplaix.com\/index.php\/wp-json\/wp\/v2\/users\/2"}],"replies":[{"embeddable":true,"href":"https:\/\/komplaix.com\/index.php\/wp-json\/wp\/v2\/comments?post=100"}],"version-history":[{"count":152,"href":"https:\/\/komplaix.com\/index.php\/wp-json\/wp\/v2\/pages\/100\/revisions"}],"predecessor-version":[{"id":550,"href":"https:\/\/komplaix.com\/index.php\/wp-json\/wp\/v2\/pages\/100\/revisions\/550"}],"wp:attachment":[{"href":"https:\/\/komplaix.com\/index.php\/wp-json\/wp\/v2\/media?parent=100"}],"curies":[{"name":"wp","href":"https:\/\/api.w.org\/{rel}","templated":true}]}}