{"id":204,"date":"2025-01-01T22:28:04","date_gmt":"2025-01-01T20:28:04","guid":{"rendered":"https:\/\/komplaix.pwdev.de\/?page_id=204"},"modified":"2026-01-09T11:56:01","modified_gmt":"2026-01-09T09:56:01","slug":"impressum","status":"publish","type":"page","link":"https:\/\/komplaix.com\/index.php\/impressum\/","title":{"rendered":"Impressum"},"content":{"rendered":"\n<p><strong>Firmenname:<\/strong><\/p>\n\n\n\n<p>KomplAIX Melanie Huppertz<\/p>\n\n\n\n<p><strong>Anschrift:<\/strong><\/p>\n\n\n\n<p>Hauptstra\u00dfe 73 in 52159 Roetgen<\/p>\n\n\n\n<p><strong>Telefon:<\/strong><\/p>\n\n\n\n<p>02471 \/ 9498927<\/p>\n\n\n\n<p><strong>Mobil:<\/strong><\/p>\n\n\n\n<p>0176 \/ 20147179<\/p>\n\n\n\n<p><strong>E-Mail:<\/strong><\/p>\n\n\n\n<p><a href=\"mailto:mail@komplaix.com\">mail@komplaix.com<\/a><\/p>\n\n\n\n<p><strong>Internet:<\/strong><\/p>\n\n\n\n<p><a href=\"http:\/\/www.komplaix.com\/\">www.komplaix.com<\/a><\/p>\n\n\n\n<p><strong>Inhaberin:<\/strong><\/p>\n\n\n\n<p>Frau Melanie Huppertz<\/p>\n\n\n\n<p><strong>Rechtsform:<\/strong><\/p>\n\n\n\n<p>Kaufmann<\/p>\n\n\n\n<p><strong>Umsatzsteuer ID:<\/strong><\/p>\n\n\n\n<p>202\/5903\/3030<\/p>\n\n\n\n<p>Online-Streitbeilegung gem\u00e4\u00df Art. 14 Abs. 1 ODR-VO: Die Europ\u00e4ische Kommission stellt eine Plattform zur Online-Streitbeilegung (OS) bereit, die Sie unter&nbsp;<a href=\"https:\/\/ec.europa.eu\/consumers\/odr\/\" target=\"_blank\" rel=\"noreferrer noopener\">https:\/\/ec.europa.eu\/consumers\/odr\/<\/a>&nbsp;finden. Dar\u00fcber hinaus nimmt unser Betrieb an einem Verbraucherstreitigkeitsverfahren nicht teil.<\/p>\n\n\n\n<p>Bitte beachten Sie auch unsere&nbsp;<a href=\"https:\/\/komplaix.com\/datenschutzerklaerung.php\">Datenschutzerkl\u00e4rung<\/a>.<\/p>\n","protected":false},"excerpt":{"rendered":"<p>Firmenname: KomplAIX Melanie Huppertz Anschrift: Hauptstra\u00dfe 73 in 52159 Roetgen Telefon: 02471 \/ 9498927 Mobil: 0176 \/ 20147179 E-Mail: mail@komplaix.com Internet: www.komplaix.com Inhaberin: Frau Melanie Huppertz Rechtsform: Kaufmann Umsatzsteuer ID: 202\/5903\/3030 Online-Streitbeilegung gem\u00e4\u00df Art. 14 Abs. 1 ODR-VO: Die Europ\u00e4ische Kommission stellt eine Plattform zur Online-Streitbeilegung (OS) bereit, die Sie unter&nbsp;https:\/\/ec.europa.eu\/consumers\/odr\/&nbsp;finden. Dar\u00fcber hinaus nimmt unser [&hellip;]<\/p>\n","protected":false},"author":2,"featured_media":0,"parent":0,"menu_order":0,"comment_status":"closed","ping_status":"closed","template":"","meta":{"footnotes":""},"class_list":["post-204","page","type-page","status-publish","hentry"],"yoast_head":"<!-- This site is optimized with the Yoast SEO plugin v24.6 - https:\/\/yoast.com\/wordpress\/plugins\/seo\/ -->\n<title>Impressum - KomplAIX<\/title>\n<meta name=\"robots\" content=\"index, follow, max-snippet:-1, max-image-preview:large, max-video-preview:-1\" \/>\n<link rel=\"canonical\" href=\"https:\/\/komplaix.com\/index.php\/impressum\/\" \/>\n<meta property=\"og:locale\" content=\"en_US\" \/>\n<meta property=\"og:type\" content=\"article\" \/>\n<meta property=\"og:title\" content=\"Impressum - KomplAIX\" \/>\n<meta property=\"og:description\" content=\"Firmenname: KomplAIX Melanie Huppertz Anschrift: Hauptstra\u00dfe 73 in 52159 Roetgen Telefon: 02471 \/ 9498927 Mobil: 0176 \/ 20147179 E-Mail: mail@komplaix.com Internet: www.komplaix.com Inhaberin: Frau Melanie Huppertz Rechtsform: Kaufmann Umsatzsteuer ID: 202\/5903\/3030 Online-Streitbeilegung gem\u00e4\u00df Art. 14 Abs. 1 ODR-VO: Die Europ\u00e4ische Kommission stellt eine Plattform zur Online-Streitbeilegung (OS) bereit, die Sie unter&nbsp;https:\/\/ec.europa.eu\/consumers\/odr\/&nbsp;finden. Dar\u00fcber hinaus nimmt unser [&hellip;]\" \/>\n<meta property=\"og:url\" content=\"https:\/\/komplaix.com\/index.php\/impressum\/\" \/>\n<meta property=\"og:site_name\" content=\"KomplAIX\" \/>\n<meta property=\"article:modified_time\" content=\"2026-01-09T09:56:01+00:00\" \/>\n<meta name=\"twitter:card\" content=\"summary_large_image\" \/>\n<meta name=\"twitter:label1\" content=\"Est. reading time\" \/>\n\t<meta name=\"twitter:data1\" content=\"1 minute\" \/>\n<script type=\"application\/ld+json\" class=\"yoast-schema-graph\">{\"@context\":\"https:\/\/schema.org\",\"@graph\":[{\"@type\":\"WebPage\",\"@id\":\"https:\/\/komplaix.com\/index.php\/impressum\/\",\"url\":\"https:\/\/komplaix.com\/index.php\/impressum\/\",\"name\":\"Impressum - KomplAIX\",\"isPartOf\":{\"@id\":\"https:\/\/komplaix.com\/#website\"},\"datePublished\":\"2025-01-01T20:28:04+00:00\",\"dateModified\":\"2026-01-09T09:56:01+00:00\",\"breadcrumb\":{\"@id\":\"https:\/\/komplaix.com\/index.php\/impressum\/#breadcrumb\"},\"inLanguage\":\"en-US\",\"potentialAction\":[{\"@type\":\"ReadAction\",\"target\":[\"https:\/\/komplaix.com\/index.php\/impressum\/\"]}]},{\"@type\":\"BreadcrumbList\",\"@id\":\"https:\/\/komplaix.com\/index.php\/impressum\/#breadcrumb\",\"itemListElement\":[{\"@type\":\"ListItem\",\"position\":1,\"name\":\"Home\",\"item\":\"https:\/\/komplaix.com\/\"},{\"@type\":\"ListItem\",\"position\":2,\"name\":\"Impressum\"}]},{\"@type\":\"WebSite\",\"@id\":\"https:\/\/komplaix.com\/#website\",\"url\":\"https:\/\/komplaix.com\/\",\"name\":\"KomplAIX\",\"description\":\"KomplAIX ist Deine Social Media Agentur!\",\"publisher\":{\"@id\":\"https:\/\/komplaix.com\/#organization\"},\"potentialAction\":[{\"@type\":\"SearchAction\",\"target\":{\"@type\":\"EntryPoint\",\"urlTemplate\":\"https:\/\/komplaix.com\/?s={search_term_string}\"},\"query-input\":{\"@type\":\"PropertyValueSpecification\",\"valueRequired\":true,\"valueName\":\"search_term_string\"}}],\"inLanguage\":\"en-US\"},{\"@type\":\"Organization\",\"@id\":\"https:\/\/komplaix.com\/#organization\",\"name\":\"KomplAIX\",\"url\":\"https:\/\/komplaix.com\/\",\"logo\":{\"@type\":\"ImageObject\",\"inLanguage\":\"en-US\",\"@id\":\"https:\/\/komplaix.com\/#\/schema\/logo\/image\/\",\"url\":\"https:\/\/komplaix.com\/wp-content\/uploads\/2025\/01\/Komplaix-Logo-komplett.svg\",\"contentUrl\":\"https:\/\/komplaix.com\/wp-content\/uploads\/2025\/01\/Komplaix-Logo-komplett.svg\",\"width\":100,\"height\":100,\"caption\":\"KomplAIX\"},\"image\":{\"@id\":\"https:\/\/komplaix.com\/#\/schema\/logo\/image\/\"}}]}<\/script>\n<!-- \/ Yoast SEO plugin. -->","yoast_head_json":{"title":"Impressum - KomplAIX","robots":{"index":"index","follow":"follow","max-snippet":"max-snippet:-1","max-image-preview":"max-image-preview:large","max-video-preview":"max-video-preview:-1"},"canonical":"https:\/\/komplaix.com\/index.php\/impressum\/","og_locale":"en_US","og_type":"article","og_title":"Impressum - KomplAIX","og_description":"Firmenname: KomplAIX Melanie Huppertz Anschrift: Hauptstra\u00dfe 73 in 52159 Roetgen Telefon: 02471 \/ 9498927 Mobil: 0176 \/ 20147179 E-Mail: mail@komplaix.com Internet: www.komplaix.com Inhaberin: Frau Melanie Huppertz Rechtsform: Kaufmann Umsatzsteuer ID: 202\/5903\/3030 Online-Streitbeilegung gem\u00e4\u00df Art. 14 Abs. 1 ODR-VO: Die Europ\u00e4ische Kommission stellt eine Plattform zur Online-Streitbeilegung (OS) bereit, die Sie unter&nbsp;https:\/\/ec.europa.eu\/consumers\/odr\/&nbsp;finden. Dar\u00fcber hinaus nimmt unser [&hellip;]","og_url":"https:\/\/komplaix.com\/index.php\/impressum\/","og_site_name":"KomplAIX","article_modified_time":"2026-01-09T09:56:01+00:00","twitter_card":"summary_large_image","twitter_misc":{"Est. reading time":"1 minute"},"schema":{"@context":"https:\/\/schema.org","@graph":[{"@type":"WebPage","@id":"https:\/\/komplaix.com\/index.php\/impressum\/","url":"https:\/\/komplaix.com\/index.php\/impressum\/","name":"Impressum - KomplAIX","isPartOf":{"@id":"https:\/\/komplaix.com\/#website"},"datePublished":"2025-01-01T20:28:04+00:00","dateModified":"2026-01-09T09:56:01+00:00","breadcrumb":{"@id":"https:\/\/komplaix.com\/index.php\/impressum\/#breadcrumb"},"inLanguage":"en-US","potentialAction":[{"@type":"ReadAction","target":["https:\/\/komplaix.com\/index.php\/impressum\/"]}]},{"@type":"BreadcrumbList","@id":"https:\/\/komplaix.com\/index.php\/impressum\/#breadcrumb","itemListElement":[{"@type":"ListItem","position":1,"name":"Home","item":"https:\/\/komplaix.com\/"},{"@type":"ListItem","position":2,"name":"Impressum"}]},{"@type":"WebSite","@id":"https:\/\/komplaix.com\/#website","url":"https:\/\/komplaix.com\/","name":"KomplAIX","description":"KomplAIX ist Deine Social Media Agentur!","publisher":{"@id":"https:\/\/komplaix.com\/#organization"},"potentialAction":[{"@type":"SearchAction","target":{"@type":"EntryPoint","urlTemplate":"https:\/\/komplaix.com\/?s={search_term_string}"},"query-input":{"@type":"PropertyValueSpecification","valueRequired":true,"valueName":"search_term_string"}}],"inLanguage":"en-US"},{"@type":"Organization","@id":"https:\/\/komplaix.com\/#organization","name":"KomplAIX","url":"https:\/\/komplaix.com\/","logo":{"@type":"ImageObject","inLanguage":"en-US","@id":"https:\/\/komplaix.com\/#\/schema\/logo\/image\/","url":"https:\/\/komplaix.com\/wp-content\/uploads\/2025\/01\/Komplaix-Logo-komplett.svg","contentUrl":"https:\/\/komplaix.com\/wp-content\/uploads\/2025\/01\/Komplaix-Logo-komplett.svg","width":100,"height":100,"caption":"KomplAIX"},"image":{"@id":"https:\/\/komplaix.com\/#\/schema\/logo\/image\/"}}]}},"_links":{"self":[{"href":"https:\/\/komplaix.com\/index.php\/wp-json\/wp\/v2\/pages\/204","targetHints":{"allow":["GET"]}}],"collection":[{"href":"https:\/\/komplaix.com\/index.php\/wp-json\/wp\/v2\/pages"}],"about":[{"href":"https:\/\/komplaix.com\/index.php\/wp-json\/wp\/v2\/types\/page"}],"author":[{"embeddable":true,"href":"https:\/\/komplaix.com\/index.php\/wp-json\/wp\/v2\/users\/2"}],"replies":[{"embeddable":true,"href":"https:\/\/komplaix.com\/index.php\/wp-json\/wp\/v2\/comments?post=204"}],"version-history":[{"count":3,"href":"https:\/\/komplaix.com\/index.php\/wp-json\/wp\/v2\/pages\/204\/revisions"}],"predecessor-version":[{"id":564,"href":"https:\/\/komplaix.com\/index.php\/wp-json\/wp\/v2\/pages\/204\/revisions\/564"}],"wp:attachment":[{"href":"https:\/\/komplaix.com\/index.php\/wp-json\/wp\/v2\/media?parent=204"}],"curies":[{"name":"wp","href":"https:\/\/api.w.org\/{rel}","templated":true}]}}