{"id":36,"date":"2025-01-01T20:13:50","date_gmt":"2025-01-01T18:13:50","guid":{"rendered":"https:\/\/komplaix.pwdev.de\/?page_id=36"},"modified":"2025-02-13T11:19:13","modified_gmt":"2025-02-13T09:19:13","slug":"social-media","status":"publish","type":"page","link":"https:\/\/komplaix.com\/index.php\/social-media\/","title":{"rendered":"Social Branding"},"content":{"rendered":"\t\t<div data-elementor-type=\"wp-page\" data-elementor-id=\"36\" class=\"elementor elementor-36\" data-elementor-post-type=\"page\">\n\t\t\t\t<div class=\"elementor-element elementor-element-626475dc e-flex e-con-boxed e-con e-parent\" data-id=\"626475dc\" data-element_type=\"container\" data-settings=\"{&quot;background_background&quot;:&quot;gradient&quot;,&quot;jet_parallax_layout_list&quot;:[]}\">\n\t\t\t\t\t<div class=\"e-con-inner\">\n\t\t<div class=\"elementor-element elementor-element-5a96a515 e-con-full e-flex e-con e-child\" data-id=\"5a96a515\" data-element_type=\"container\" data-settings=\"{&quot;jet_parallax_layout_list&quot;:[]}\">\n\t\t<div class=\"elementor-element elementor-element-46167016 e-con-full e-flex e-con e-child\" data-id=\"46167016\" data-element_type=\"container\" data-settings=\"{&quot;jet_parallax_layout_list&quot;:[]}\">\n\t\t\t\t<div class=\"elementor-element elementor-element-3427e62d elementor-widget elementor-widget-heading\" data-id=\"3427e62d\" data-element_type=\"widget\" data-widget_type=\"heading.default\">\n\t\t\t\t<div class=\"elementor-widget-container\">\n\t\t\t\t\t<h1 class=\"elementor-heading-title elementor-size-default\"><strong>Social Branding <\/strong> \nin Aachen und Umgebung\n<\/h1>\t\t\t\t<\/div>\n\t\t\t\t<\/div>\n\t\t\t\t<div class=\"elementor-element elementor-element-52a53bae elementor-widget__width-initial elementor-widget elementor-widget-text-editor\" data-id=\"52a53bae\" data-element_type=\"widget\" data-widget_type=\"text-editor.default\">\n\t\t\t\t<div class=\"elementor-widget-container\">\n\t\t\t\t\t\t\t\t\t<div class=\"col small-8 medium-6 large-7 giant-6\"><p>Deine Marke. Deine St\u00e4rke. Im Fokus: Der Mensch!<\/p><div class=\"flex-shrink-0 flex flex-col relative items-end\"><div><div class=\"pt-0\"><div class=\"gizmo-bot-avatar flex h-8 w-8 items-center justify-center overflow-hidden rounded-full\"><div class=\"relative p-1 rounded-sm flex items-center justify-center bg-token-main-surface-primary text-token-text-primary h-8 w-8\">\u00a0<\/div><\/div><\/div><\/div><\/div><div class=\"group\/conversation-turn relative flex w-full min-w-0 flex-col agent-turn\"><div class=\"flex-col gap-1 md:gap-3\"><div class=\"flex max-w-full flex-col flex-grow\"><div class=\"min-h-8 text-message flex w-full flex-col items-end gap-2 whitespace-normal break-words text-start [.text-message+&amp;]:mt-5\" dir=\"auto\" data-message-author-role=\"assistant\" data-message-id=\"b2f4c0bf-e394-48b2-9fc5-ac49553ac3f1\" data-message-model-slug=\"gpt-4o\"><div class=\"flex w-full flex-col gap-1 empty:hidden first:pt-[3px]\"><div class=\"markdown prose w-full break-words dark:prose-invert light\"><p>Bei erfolgreichem Social Branding geht es nicht nur um Zahlen und Trends, sondern vor allem um Menschen. Ich stelle die Pers\u00f6nlichkeit deiner Marke in den Mittelpunkt und setze auf Authentizit\u00e4t, Emotionen und klare Werte. Mit einem feinen Gesp\u00fcr f\u00fcr die Einzigartigkeit deines Unternehmens und dem, was deine Zielgruppe wirklich bewegt, hebe ich deine St\u00e4rken hervor und mache dein Alleinstellungsmerkmal unverwechselbar. So entsteht ein Branding, das nicht nur sichtbar ist, sondern nachhaltig begeistert.<\/p><\/div><\/div><\/div><\/div><\/div><\/div><\/div>\t\t\t\t\t\t\t\t<\/div>\n\t\t\t\t<\/div>\n\t\t\t\t<div class=\"elementor-element elementor-element-13fc7ab elementor-invisible elementor-widget elementor-widget-button\" data-id=\"13fc7ab\" data-element_type=\"widget\" data-settings=\"{&quot;_animation&quot;:&quot;fadeInDown&quot;}\" data-widget_type=\"button.default\">\n\t\t\t\t<div class=\"elementor-widget-container\">\n\t\t\t\t\t\t\t\t\t<div class=\"elementor-button-wrapper\">\n\t\t\t\t\t<a class=\"elementor-button elementor-button-link elementor-size-sm elementor-animation-sink\" href=\"https:\/\/komplaix.com\/index.php\/angebotspakete\/\">\n\t\t\t\t\t\t<span class=\"elementor-button-content-wrapper\">\n\t\t\t\t\t\t\t\t\t<span class=\"elementor-button-text\">Angebotspakete<\/span>\n\t\t\t\t\t<\/span>\n\t\t\t\t\t<\/a>\n\t\t\t\t<\/div>\n\t\t\t\t\t\t\t\t<\/div>\n\t\t\t\t<\/div>\n\t\t\t\t<\/div>\n\t\t\t\t<\/div>\n\t\t<div class=\"elementor-element elementor-element-3ca5de12 e-con-full e-flex e-con e-child\" data-id=\"3ca5de12\" data-element_type=\"container\" data-settings=\"{&quot;background_background&quot;:&quot;classic&quot;,&quot;jet_parallax_layout_list&quot;:[]}\">\n\t\t\t\t<\/div>\n\t\t\t\t\t<\/div>\n\t\t\t\t<\/div>\n\t\t<div class=\"elementor-element elementor-element-a40f708 e-flex e-con-boxed e-con e-parent\" data-id=\"a40f708\" data-element_type=\"container\" data-settings=\"{&quot;jet_parallax_layout_list&quot;:[]}\">\n\t\t\t\t\t<div class=\"e-con-inner\">\n\t\t<div class=\"elementor-element elementor-element-6078d76 e-con-full e-flex e-con e-child\" data-id=\"6078d76\" data-element_type=\"container\" data-settings=\"{&quot;jet_parallax_layout_list&quot;:[]}\">\n\t\t<div class=\"elementor-element elementor-element-277a41c e-con-full e-flex e-con e-child\" data-id=\"277a41c\" data-element_type=\"container\" data-settings=\"{&quot;jet_parallax_layout_list&quot;:[]}\">\n\t\t<div class=\"elementor-element elementor-element-997f2db e-con-full e-flex e-con e-child\" data-id=\"997f2db\" data-element_type=\"container\" data-settings=\"{&quot;jet_parallax_layout_list&quot;:[]}\">\n\t\t\t\t<div class=\"elementor-element elementor-element-6a86368 elementor-widget-tablet__width-initial elementor-widget elementor-widget-heading\" data-id=\"6a86368\" data-element_type=\"widget\" data-widget_type=\"heading.default\">\n\t\t\t\t<div class=\"elementor-widget-container\">\n\t\t\t\t\t<h3 class=\"elementor-heading-title elementor-size-default\">Was ist Social Branding?<\/h3>\t\t\t\t<\/div>\n\t\t\t\t<\/div>\n\t\t\t\t<div class=\"elementor-element elementor-element-ee03566 elementor-widget__width-initial elementor-widget-tablet__width-initial elementor-widget-mobile__width-initial elementor-widget elementor-widget-text-editor\" data-id=\"ee03566\" data-element_type=\"widget\" data-widget_type=\"text-editor.default\">\n\t\t\t\t<div class=\"elementor-widget-container\">\n\t\t\t\t\t\t\t\t\t<p>Als Branding wird der gezielte, aktive Aufbau einer Marke bezeichnet. Dies hat zum Ziel, dass sich die Brand durch ihr Alleinstellungsmerkmal (USP) zum Aush\u00e4ngeschild des Unternehmens entwickelt, vom Kunden mit bestimmten Gef\u00fchlen und Botschaften assoziiert wird sowie lange im Ged\u00e4chtnis bleib Beim Branding geht es vor allem darum, den immateriellen Wert einer Marke zu erh\u00f6hen. Kunden sollen Vertrauen und eine emotionale Bindung zu Ihrer Marke aufbauen, um aus ihnen loyale, wiederkehrende K\u00e4ufer zu machen und den empfundenen Wert der Produkte oder Leistung zu steigern. ffektives Branding umfasst alles, was die Wahrnehmung eines Unternehmens oder Produkts im Kopf der Kunden pr\u00e4gt . Namen, Logos, Markenzeichen, Handelszeichen und Warenzeichen werden h\u00e4ufig mit einer Marke in Verbindung gebracht, sind aber nur ein Teil des Gesamtbildes Gutes Branding bedarf einen Charakter des Unternehmens, es st\u00fctzt sich auf den individuellen Markenkern. Es geht darum, die Marke mit Emotionen und Assoziationen aufzuladen. Sodass der Brand lebt und eine lebendige Markenpers\u00f6nlichkeit annimmt, mit der andere Menschen Zeit verbringen m\u00f6chten und sich damit assoziieren.<\/p>\t\t\t\t\t\t\t\t<\/div>\n\t\t\t\t<\/div>\n\t\t\t\t<\/div>\n\t\t<div class=\"elementor-element elementor-element-dad24b8 e-con-full e-flex e-con e-child\" data-id=\"dad24b8\" data-element_type=\"container\" data-settings=\"{&quot;jet_parallax_layout_list&quot;:[]}\">\n\t\t\t\t<div class=\"elementor-element elementor-element-cbae5dd elementor-widget-tablet__width-initial elementor-widget elementor-widget-heading\" data-id=\"cbae5dd\" data-element_type=\"widget\" data-widget_type=\"heading.default\">\n\t\t\t\t<div class=\"elementor-widget-container\">\n\t\t\t\t\t<h3 class=\"elementor-heading-title elementor-size-default\">Deine Marke, die begeistert \u2013weil Pers\u00f6nlichkeit verbindet\n\n<\/h3>\t\t\t\t<\/div>\n\t\t\t\t<\/div>\n\t\t\t\t<div class=\"elementor-element elementor-element-961ef46 elementor-widget__width-initial elementor-widget-tablet__width-initial elementor-widget-mobile__width-initial elementor-widget elementor-widget-text-editor\" data-id=\"961ef46\" data-element_type=\"widget\" data-widget_type=\"text-editor.default\">\n\t\t\t\t<div class=\"elementor-widget-container\">\n\t\t\t\t\t\t\t\t\t<p>Branding ist mehr als ein Logo oder ein Name \u2013 es ist die Kunst, deine Marke mit Leben zu f\u00fcllen. Gemeinsam entwickeln wir eine Markenpers\u00f6nlichkeit, die Emotionen weckt, Vertrauen schafft und Menschen nachhaltig begeistert. Mit einem klaren Fokus auf dein Alleinstellungsmerkmal und den Werten deines Unternehmens bringe ich deine Marke zum Strahlen \u2013 damit sie nicht nur wahrgenommen, sondern geliebt wird. Mach den ersten Schritt zu einer unverwechselbaren Marke, die bleibt<\/p>\t\t\t\t\t\t\t\t<\/div>\n\t\t\t\t<\/div>\n\t\t\t\t<\/div>\n\t\t\t\t<\/div>\n\t\t\t\t<\/div>\n\t\t\t\t\t<\/div>\n\t\t\t\t<\/div>\n\t\t<div class=\"elementor-element elementor-element-11fc5d6 e-flex e-con-boxed e-con e-parent\" data-id=\"11fc5d6\" data-element_type=\"container\" data-settings=\"{&quot;jet_parallax_layout_list&quot;:[],&quot;background_background&quot;:&quot;classic&quot;}\">\n\t\t\t\t\t<div class=\"e-con-inner\">\n\t\t<div class=\"elementor-element elementor-element-bc0bf07 e-con-full e-flex e-con e-child\" data-id=\"bc0bf07\" data-element_type=\"container\" data-settings=\"{&quot;jet_parallax_layout_list&quot;:[]}\">\n\t\t\t\t<div class=\"elementor-element elementor-element-17d22a1 elementor-widget__width-auto elementor-widget-tablet__width-initial elementor-widget elementor-widget-heading\" data-id=\"17d22a1\" data-element_type=\"widget\" data-widget_type=\"heading.default\">\n\t\t\t\t<div class=\"elementor-widget-container\">\n\t\t\t\t\t<h2 class=\"elementor-heading-title elementor-size-default\">Social Brandig Tools- die zwei wichtigsten zusammengefasst<\/h2>\t\t\t\t<\/div>\n\t\t\t\t<\/div>\n\t\t<div class=\"elementor-element elementor-element-08959dc e-con-full e-flex e-con e-child\" data-id=\"08959dc\" data-element_type=\"container\" data-settings=\"{&quot;jet_parallax_layout_list&quot;:[]}\">\n\t\t<div class=\"elementor-element elementor-element-52ac6a1 e-con-full e-flex e-con e-child\" data-id=\"52ac6a1\" data-element_type=\"container\" data-settings=\"{&quot;jet_parallax_layout_list&quot;:[]}\">\n\t\t<div class=\"elementor-element elementor-element-2a98a2e e-con-full e-flex e-con e-child\" data-id=\"2a98a2e\" data-element_type=\"container\" data-settings=\"{&quot;jet_parallax_layout_list&quot;:[]}\">\n\t\t\t\t<div class=\"elementor-element elementor-element-b47ea39 elementor-widget elementor-widget-heading\" data-id=\"b47ea39\" data-element_type=\"widget\" data-widget_type=\"heading.default\">\n\t\t\t\t<div class=\"elementor-widget-container\">\n\t\t\t\t\t<h3 class=\"elementor-heading-title elementor-size-default\">Authentisches Storytelling<\/h3>\t\t\t\t<\/div>\n\t\t\t\t<\/div>\n\t\t\t\t<div class=\"elementor-element elementor-element-22ec08b elementor-widget elementor-widget-text-editor\" data-id=\"22ec08b\" data-element_type=\"widget\" data-widget_type=\"text-editor.default\">\n\t\t\t\t<div class=\"elementor-widget-container\">\n\t\t\t\t\t\t\t\t\t<p>Erz\u00e4hle die Geschichte deiner Marke \u2013 ehrlich, emotional und unverwechselbar. Menschen verbinden sich mit Geschichten, nicht mit reinen Fakten. Zeige, wof\u00fcr dein Unternehmen steht, welche Werte es verk\u00f6rpert und wie es die Bed\u00fcrfnisse deiner Zielgruppe erf\u00fcllt. Authentisches Storytelling schafft N\u00e4he, Vertrauen und eine emotionale Bindung, die deine Marke einzigartig macht.<\/p>\t\t\t\t\t\t\t\t<\/div>\n\t\t\t\t<\/div>\n\t\t\t\t<\/div>\n\t\t\t\t<\/div>\n\t\t<div class=\"elementor-element elementor-element-99c0fb8 e-con-full e-flex e-con e-child\" data-id=\"99c0fb8\" data-element_type=\"container\" data-settings=\"{&quot;jet_parallax_layout_list&quot;:[]}\">\n\t\t<div class=\"elementor-element elementor-element-5659844 e-con-full e-flex e-con e-child\" data-id=\"5659844\" data-element_type=\"container\" data-settings=\"{&quot;jet_parallax_layout_list&quot;:[]}\">\n\t\t\t\t<div class=\"elementor-element elementor-element-a09d1ed elementor-widget elementor-widget-heading\" data-id=\"a09d1ed\" data-element_type=\"widget\" data-widget_type=\"heading.default\">\n\t\t\t\t<div class=\"elementor-widget-container\">\n\t\t\t\t\t<h3 class=\"elementor-heading-title elementor-size-default\">Konsistentes visuelles Branding<\/h3>\t\t\t\t<\/div>\n\t\t\t\t<\/div>\n\t\t\t\t<div class=\"elementor-element elementor-element-c245b59 elementor-widget elementor-widget-text-editor\" data-id=\"c245b59\" data-element_type=\"widget\" data-widget_type=\"text-editor.default\">\n\t\t\t\t<div class=\"elementor-widget-container\">\n\t\t\t\t\t\t\t\t\t<p>Ein starker, wiedererkennbarer visueller Auftritt ist der Schl\u00fcssel, um im Ged\u00e4chtnis zu bleiben. Vom Logo \u00fcber Farben bis hin zur Bildsprache \u2013 jedes Element sollte die Pers\u00f6nlichkeit und Werte deiner Marke widerspiegeln. Konsistenz schafft Glaubw\u00fcrdigkeit und verst\u00e4rkt die Wahrnehmung deines Alleinstellungsmerkmals, egal ob auf Social Media, deiner Website oder anderen Kan\u00e4len.<\/p>\t\t\t\t\t\t\t\t<\/div>\n\t\t\t\t<\/div>\n\t\t\t\t<\/div>\n\t\t\t\t<\/div>\n\t\t\t\t<\/div>\n\t\t\t\t<\/div>\n\t\t\t\t\t<\/div>\n\t\t\t\t<\/div>\n\t\t\t\t<\/div>\n\t\t","protected":false},"excerpt":{"rendered":"<p>Social Branding in Aachen und Umgebung Deine Marke. Deine St\u00e4rke. Im Fokus: Der Mensch! \u00a0 Bei erfolgreichem Social Branding geht es nicht nur um Zahlen und Trends, sondern vor allem um Menschen. Ich stelle die Pers\u00f6nlichkeit deiner Marke in den Mittelpunkt und setze auf Authentizit\u00e4t, Emotionen und klare Werte. Mit einem feinen Gesp\u00fcr f\u00fcr die [&hellip;]<\/p>\n","protected":false},"author":2,"featured_media":0,"parent":0,"menu_order":0,"comment_status":"closed","ping_status":"closed","template":"elementor_header_footer","meta":{"footnotes":""},"class_list":["post-36","page","type-page","status-publish","hentry"],"yoast_head":"<!-- This site is optimized with the Yoast SEO plugin v24.6 - https:\/\/yoast.com\/wordpress\/plugins\/seo\/ -->\n<title>Social Branding - KomplAIX<\/title>\n<meta name=\"robots\" content=\"index, follow, max-snippet:-1, max-image-preview:large, max-video-preview:-1\" \/>\n<link rel=\"canonical\" href=\"https:\/\/komplaix.com\/index.php\/social-media\/\" \/>\n<meta property=\"og:locale\" content=\"en_US\" \/>\n<meta property=\"og:type\" content=\"article\" \/>\n<meta property=\"og:title\" content=\"Social Branding - KomplAIX\" \/>\n<meta property=\"og:description\" content=\"Social Branding in Aachen und Umgebung Deine Marke. Deine St\u00e4rke. Im Fokus: Der Mensch! \u00a0 Bei erfolgreichem Social Branding geht es nicht nur um Zahlen und Trends, sondern vor allem um Menschen. Ich stelle die Pers\u00f6nlichkeit deiner Marke in den Mittelpunkt und setze auf Authentizit\u00e4t, Emotionen und klare Werte. Mit einem feinen Gesp\u00fcr f\u00fcr die [&hellip;]\" \/>\n<meta property=\"og:url\" content=\"https:\/\/komplaix.com\/index.php\/social-media\/\" \/>\n<meta property=\"og:site_name\" content=\"KomplAIX\" \/>\n<meta property=\"article:modified_time\" content=\"2025-02-13T09:19:13+00:00\" \/>\n<meta name=\"twitter:card\" content=\"summary_large_image\" \/>\n<meta name=\"twitter:label1\" content=\"Est. reading time\" \/>\n\t<meta name=\"twitter:data1\" content=\"2 minutes\" \/>\n<script type=\"application\/ld+json\" class=\"yoast-schema-graph\">{\"@context\":\"https:\/\/schema.org\",\"@graph\":[{\"@type\":\"WebPage\",\"@id\":\"https:\/\/komplaix.com\/index.php\/social-media\/\",\"url\":\"https:\/\/komplaix.com\/index.php\/social-media\/\",\"name\":\"Social Branding - KomplAIX\",\"isPartOf\":{\"@id\":\"https:\/\/komplaix.com\/#website\"},\"datePublished\":\"2025-01-01T18:13:50+00:00\",\"dateModified\":\"2025-02-13T09:19:13+00:00\",\"breadcrumb\":{\"@id\":\"https:\/\/komplaix.com\/index.php\/social-media\/#breadcrumb\"},\"inLanguage\":\"en-US\",\"potentialAction\":[{\"@type\":\"ReadAction\",\"target\":[\"https:\/\/komplaix.com\/index.php\/social-media\/\"]}]},{\"@type\":\"BreadcrumbList\",\"@id\":\"https:\/\/komplaix.com\/index.php\/social-media\/#breadcrumb\",\"itemListElement\":[{\"@type\":\"ListItem\",\"position\":1,\"name\":\"Home\",\"item\":\"https:\/\/komplaix.com\/\"},{\"@type\":\"ListItem\",\"position\":2,\"name\":\"Social Branding\"}]},{\"@type\":\"WebSite\",\"@id\":\"https:\/\/komplaix.com\/#website\",\"url\":\"https:\/\/komplaix.com\/\",\"name\":\"KomplAIX\",\"description\":\"KomplAIX ist Deine Social Media Agentur!\",\"publisher\":{\"@id\":\"https:\/\/komplaix.com\/#organization\"},\"potentialAction\":[{\"@type\":\"SearchAction\",\"target\":{\"@type\":\"EntryPoint\",\"urlTemplate\":\"https:\/\/komplaix.com\/?s={search_term_string}\"},\"query-input\":{\"@type\":\"PropertyValueSpecification\",\"valueRequired\":true,\"valueName\":\"search_term_string\"}}],\"inLanguage\":\"en-US\"},{\"@type\":\"Organization\",\"@id\":\"https:\/\/komplaix.com\/#organization\",\"name\":\"KomplAIX\",\"url\":\"https:\/\/komplaix.com\/\",\"logo\":{\"@type\":\"ImageObject\",\"inLanguage\":\"en-US\",\"@id\":\"https:\/\/komplaix.com\/#\/schema\/logo\/image\/\",\"url\":\"https:\/\/komplaix.com\/wp-content\/uploads\/2025\/01\/Komplaix-Logo-komplett.svg\",\"contentUrl\":\"https:\/\/komplaix.com\/wp-content\/uploads\/2025\/01\/Komplaix-Logo-komplett.svg\",\"width\":100,\"height\":100,\"caption\":\"KomplAIX\"},\"image\":{\"@id\":\"https:\/\/komplaix.com\/#\/schema\/logo\/image\/\"}}]}<\/script>\n<!-- \/ Yoast SEO plugin. -->","yoast_head_json":{"title":"Social Branding - KomplAIX","robots":{"index":"index","follow":"follow","max-snippet":"max-snippet:-1","max-image-preview":"max-image-preview:large","max-video-preview":"max-video-preview:-1"},"canonical":"https:\/\/komplaix.com\/index.php\/social-media\/","og_locale":"en_US","og_type":"article","og_title":"Social Branding - KomplAIX","og_description":"Social Branding in Aachen und Umgebung Deine Marke. Deine St\u00e4rke. Im Fokus: Der Mensch! \u00a0 Bei erfolgreichem Social Branding geht es nicht nur um Zahlen und Trends, sondern vor allem um Menschen. Ich stelle die Pers\u00f6nlichkeit deiner Marke in den Mittelpunkt und setze auf Authentizit\u00e4t, Emotionen und klare Werte. Mit einem feinen Gesp\u00fcr f\u00fcr die [&hellip;]","og_url":"https:\/\/komplaix.com\/index.php\/social-media\/","og_site_name":"KomplAIX","article_modified_time":"2025-02-13T09:19:13+00:00","twitter_card":"summary_large_image","twitter_misc":{"Est. reading time":"2 minutes"},"schema":{"@context":"https:\/\/schema.org","@graph":[{"@type":"WebPage","@id":"https:\/\/komplaix.com\/index.php\/social-media\/","url":"https:\/\/komplaix.com\/index.php\/social-media\/","name":"Social Branding - KomplAIX","isPartOf":{"@id":"https:\/\/komplaix.com\/#website"},"datePublished":"2025-01-01T18:13:50+00:00","dateModified":"2025-02-13T09:19:13+00:00","breadcrumb":{"@id":"https:\/\/komplaix.com\/index.php\/social-media\/#breadcrumb"},"inLanguage":"en-US","potentialAction":[{"@type":"ReadAction","target":["https:\/\/komplaix.com\/index.php\/social-media\/"]}]},{"@type":"BreadcrumbList","@id":"https:\/\/komplaix.com\/index.php\/social-media\/#breadcrumb","itemListElement":[{"@type":"ListItem","position":1,"name":"Home","item":"https:\/\/komplaix.com\/"},{"@type":"ListItem","position":2,"name":"Social Branding"}]},{"@type":"WebSite","@id":"https:\/\/komplaix.com\/#website","url":"https:\/\/komplaix.com\/","name":"KomplAIX","description":"KomplAIX ist Deine Social Media Agentur!","publisher":{"@id":"https:\/\/komplaix.com\/#organization"},"potentialAction":[{"@type":"SearchAction","target":{"@type":"EntryPoint","urlTemplate":"https:\/\/komplaix.com\/?s={search_term_string}"},"query-input":{"@type":"PropertyValueSpecification","valueRequired":true,"valueName":"search_term_string"}}],"inLanguage":"en-US"},{"@type":"Organization","@id":"https:\/\/komplaix.com\/#organization","name":"KomplAIX","url":"https:\/\/komplaix.com\/","logo":{"@type":"ImageObject","inLanguage":"en-US","@id":"https:\/\/komplaix.com\/#\/schema\/logo\/image\/","url":"https:\/\/komplaix.com\/wp-content\/uploads\/2025\/01\/Komplaix-Logo-komplett.svg","contentUrl":"https:\/\/komplaix.com\/wp-content\/uploads\/2025\/01\/Komplaix-Logo-komplett.svg","width":100,"height":100,"caption":"KomplAIX"},"image":{"@id":"https:\/\/komplaix.com\/#\/schema\/logo\/image\/"}}]}},"_links":{"self":[{"href":"https:\/\/komplaix.com\/index.php\/wp-json\/wp\/v2\/pages\/36","targetHints":{"allow":["GET"]}}],"collection":[{"href":"https:\/\/komplaix.com\/index.php\/wp-json\/wp\/v2\/pages"}],"about":[{"href":"https:\/\/komplaix.com\/index.php\/wp-json\/wp\/v2\/types\/page"}],"author":[{"embeddable":true,"href":"https:\/\/komplaix.com\/index.php\/wp-json\/wp\/v2\/users\/2"}],"replies":[{"embeddable":true,"href":"https:\/\/komplaix.com\/index.php\/wp-json\/wp\/v2\/comments?post=36"}],"version-history":[{"count":68,"href":"https:\/\/komplaix.com\/index.php\/wp-json\/wp\/v2\/pages\/36\/revisions"}],"predecessor-version":[{"id":561,"href":"https:\/\/komplaix.com\/index.php\/wp-json\/wp\/v2\/pages\/36\/revisions\/561"}],"wp:attachment":[{"href":"https:\/\/komplaix.com\/index.php\/wp-json\/wp\/v2\/media?parent=36"}],"curies":[{"name":"wp","href":"https:\/\/api.w.org\/{rel}","templated":true}]}}